{"id":5,"date":"2016-07-05T08:19:24","date_gmt":"2016-07-05T08:19:24","guid":{"rendered":"https:\/\/www.bonadea.net\/?page_id=5"},"modified":"2023-09-09T14:19:33","modified_gmt":"2023-09-09T14:19:33","slug":"impressum","status":"publish","type":"page","link":"https:\/\/www.bonadea.net\/?page_id=5","title":{"rendered":"Impressum"},"content":{"rendered":"<div class=\"impressum\">\n<h4>Angaben gem\u00e4\u00df \u00a7 5 TMG und verantwortliche im Sinne Der\u00a0 Datenschutz-Grundverordnung:<\/h4>\n<\/div>\n<div><img loading=\"lazy\" decoding=\"async\" class=\"alignnone size-medium wp-image-193\" src=\"https:\/\/www.bonadea.net\/wp-content\/uploads\/2023\/09\/Bildschirmfoto-2023-09-09-um-16.15.17-300x183.png\" alt=\"\" width=\"300\" height=\"183\" srcset=\"https:\/\/www.bonadea.net\/wp-content\/uploads\/2023\/09\/Bildschirmfoto-2023-09-09-um-16.15.17-300x183.png 300w, https:\/\/www.bonadea.net\/wp-content\/uploads\/2023\/09\/Bildschirmfoto-2023-09-09-um-16.15.17.png 756w\" sizes=\"(max-width: 300px) 85vw, 300px\" \/><\/div>\n<div class=\"impressum\"><\/div>\n<div class=\"impressum\">\n<p><strong>Verantwortlich f\u00fcr den Inhalt nach \u00a7 55 Abs. 2 RStV:<\/strong><\/p>\n<p><img loading=\"lazy\" decoding=\"async\" class=\"alignnone size-medium wp-image-195\" src=\"https:\/\/www.bonadea.net\/wp-content\/uploads\/2023\/09\/Bildschirmfoto-2023-09-09-um-16.18.33-300x126.png\" alt=\"\" width=\"300\" height=\"126\" srcset=\"https:\/\/www.bonadea.net\/wp-content\/uploads\/2023\/09\/Bildschirmfoto-2023-09-09-um-16.18.33-300x126.png 300w, https:\/\/www.bonadea.net\/wp-content\/uploads\/2023\/09\/Bildschirmfoto-2023-09-09-um-16.18.33.png 328w\" sizes=\"(max-width: 300px) 85vw, 300px\" \/><\/p>\n<p><strong>Urheberrecht:<\/strong><\/p>\n<p>Die Betreiber der Seiten sind bem\u00fcht, stets die Urheberrechte anderer zu beachten bzw. auf selbst\u00a0erstellte sowie lizenzfreie Werke zur\u00fcckzugreifen.<\/p>\n<p>Die durch die Seitenbetreiber erstellten Inhalte und Werke auf diesen Seiten unterliegen dem\u00a0deutschen Urheberrecht. Beitr\u00e4ge Dritter sind als solche gekennzeichnet. Die Vervielf\u00e4ltigung,\u00a0Bearbeitung, Verbreitung und jede Art der Verwertung au\u00dferhalb der Grenzen des Urheberrechtes\u00a0bed\u00fcrfen der schriftlichen Zustimmung des jeweiligen Autors bzw. Erstellers. Downloads und\u00a0Kopien dieser Seite sind nur f\u00fcr den privaten, nicht kommerziellen Gebrauch gestattet.<\/p>\n<p><strong>Haftungsausschluss: <\/strong><\/p>\n<p><strong>Haftung f\u00fcr Links<\/strong><\/p>\n<p>Unser Angebot enth\u00e4lt Links zu externen Webseiten Dritter, auf deren Inhalte wir keinen Einfluss haben. Deshalb k\u00f6nnen wir f\u00fcr diese fremden Inhalte auch keine Gew\u00e4hr \u00fcbernehmen. F\u00fcr die Inhalte der verlinkten Seiten ist stets der jeweilige Anbieter oder Betreiber der Seiten verantwortlich. Die verlinkten Seiten wurden zum Zeitpunkt der Verlinkung auf m\u00f6gliche Rechtsverst\u00f6\u00dfe \u00fcberpr\u00fcft. Rechtswidrige Inhalte waren zum Zeitpunkt der Verlinkung nicht erkennbar. Eine permanente inhaltliche Kontrolle der verlinkten Seiten ist jedoch ohne konkrete Anhaltspunkte einer Rechtsverletzung nicht zumutbar. Bei Bekanntwerden von Rechtsverletzungen werden wir derartige Links umgehend entfernen.<\/p>\n<p><strong>Datenschutz<\/strong><\/p>\n<p>Eine Nutzung der Internetseiten von bonadea.net ist grunds\u00e4tzlich ohne jede Angabe personenbezogener Daten m\u00f6glich. Personenbezogene Daten (beispielsweise Name, Anschrift oder eMail-Adressen) werden nicht erhoben<\/p>\n<p>Wir weisen darauf hin, dass die Daten\u00fcbertragung im Internet (z.B. bei der Kommunikation per E-Mail) Sicherheitsl\u00fccken aufweisen kann. Ein l\u00fcckenloser Schutz der Daten vor dem Zugriff durch Dritte ist nicht m\u00f6glich. Es werden beim Aufruf dieser Seite keine Cookies gesetzt. Durch den Besuch dieser Seite werden \u00fcber den Provider Strato autmatisch IP-Adressen, die aber von der Autorin dieser Seite nicht ausgewertet und von Strato regelm\u00e4ssig gel\u00f6scht werden. Hier gibt es kein Tracking, keine Analysetools des Nutzerverhaltens und \u00e4hnliches; Werkzeuge wie Google Analytics sind nicht installiert.<\/p>\n<p>Verantwortliche im Sinne der Datenschutz-Grundverordnung, sonstiger in den Mitgliedstaaten der Europ\u00e4ischen Union geltenden Datenschutzgesetze und anderer Bestimmungen mit datenschutzrechtlichem Charakter f\u00fcr die Seite bonadea.net ist Dr. Barbara Deppert-Lippitz, Adresse, Telefonnummer und e-mail Adresse finden sind auf dieser Seit oben zu finden.<\/p>\n<\/div>\n<p>Der Nutzung von im Rahmen der Impressumspflicht ver\u00f6ffentlichten Kontaktdaten durch Dritte zur \u00dcbersendung von nicht ausdr\u00fccklich angeforderter Werbung und Informationsmaterialien wird hiermit ausdr\u00fccklich widersprochen. Die Betreiber der Seiten behalten sich ausdr\u00fccklich rechtliche Schritte im Falle der unverlangten Zusendung von Werbeinformationen, etwa durch Spam-Mails, vor.<\/p>\n<div class=\"impressum\">\n<p>&nbsp;<\/p>\n<\/div>\n","protected":false},"excerpt":{"rendered":"<p>Angaben gem\u00e4\u00df \u00a7 5 TMG und verantwortliche im Sinne Der\u00a0 Datenschutz-Grundverordnung: Verantwortlich f\u00fcr den Inhalt nach \u00a7 55 Abs. 2 RStV: Urheberrecht: Die Betreiber der Seiten sind bem\u00fcht, stets die Urheberrechte anderer zu beachten bzw. auf selbst\u00a0erstellte sowie lizenzfreie Werke zur\u00fcckzugreifen. Die durch die Seitenbetreiber erstellten Inhalte und Werke auf diesen Seiten unterliegen dem\u00a0deutschen Urheberrecht. &hellip; <a href=\"https:\/\/www.bonadea.net\/?page_id=5\" class=\"more-link\">Continue reading<span class=\"screen-reader-text\"> &#8220;Impressum&#8221;<\/span><\/a><\/p>\n","protected":false},"author":1,"featured_media":0,"parent":0,"menu_order":0,"comment_status":"closed","ping_status":"closed","template":"","meta":{"footnotes":""},"class_list":["post-5","page","type-page","status-publish","hentry"],"_links":{"self":[{"href":"https:\/\/www.bonadea.net\/index.php?rest_route=\/wp\/v2\/pages\/5"}],"collection":[{"href":"https:\/\/www.bonadea.net\/index.php?rest_route=\/wp\/v2\/pages"}],"about":[{"href":"https:\/\/www.bonadea.net\/index.php?rest_route=\/wp\/v2\/types\/page"}],"author":[{"embeddable":true,"href":"https:\/\/www.bonadea.net\/index.php?rest_route=\/wp\/v2\/users\/1"}],"replies":[{"embeddable":true,"href":"https:\/\/www.bonadea.net\/index.php?rest_route=%2Fwp%2Fv2%2Fcomments&post=5"}],"version-history":[{"count":13,"href":"https:\/\/www.bonadea.net\/index.php?rest_route=\/wp\/v2\/pages\/5\/revisions"}],"predecessor-version":[{"id":196,"href":"https:\/\/www.bonadea.net\/index.php?rest_route=\/wp\/v2\/pages\/5\/revisions\/196"}],"wp:attachment":[{"href":"https:\/\/www.bonadea.net\/index.php?rest_route=%2Fwp%2Fv2%2Fmedia&parent=5"}],"curies":[{"name":"wp","href":"https:\/\/api.w.org\/{rel}","templated":true}]}}