{"id":34,"date":"2016-07-05T12:54:20","date_gmt":"2016-07-05T12:54:20","guid":{"rendered":"https:\/\/www.bonadea.net\/?page_id=34"},"modified":"2024-03-13T18:29:32","modified_gmt":"2024-03-13T18:29:32","slug":"publikationen","status":"publish","type":"page","link":"https:\/\/www.bonadea.net\/?page_id=34","title":{"rendered":"Publikationen"},"content":{"rendered":"\n<h2 class=\"wp-block-heading\"><strong><span class=\"c9\">Online<\/span><\/strong><\/h2>\n\n\n\n<p><a href=\"https:\/\/www.bonadea.net\/?page_id=147\">Symbolism and Significance \u2013 The Dacian Gold Spirals<\/a><\/p>\n\n\n\n<p><a href=\"https:\/\/www.bonadea.net\/?page_id=39\" data-type=\"page\" data-id=\"147\">Das<\/a><a href=\"https:\/\/www.bonadea.net\/?page_id=39\" data-type=\"page\" data-id=\"39\"> Goldgef\u00e4\u00df \u201eaus dem Irak\u201c<\/a><\/p>\n\n\n\n<h2 class=\"wp-block-heading\"><strong><span class=\"c9\">Monographien<\/span><\/strong><\/h2>\n\n\n\n<figure class=\"wp-block-table\"><table><tbody><tr><td>1970<\/td><td>R\u00f6mischer Goldschmuck des 1. und 2. Jahrh. n. Chr. nach datierten&nbsp;Funden (Mainz).<\/td><\/tr><tr><td>1984<\/td><td>Die M\u00fcnzpr\u00e4gung von Milet, Typos V (Aarau).<\/td><\/tr><tr><td>1985<\/td><td><a href=\"https:\/\/books.ub.uni-heidelberg.de\/\/propylaeum\/catalog\/book\/1387\" data-type=\"link\" data-id=\"https:\/\/books.ub.uni-heidelberg.de\/\/propylaeum\/catalog\/book\/1387\">Goldschmuck der R\u00f6merzeit im R\u00f6misch-Germanischen Zentralmuseum. Kataloge Vor- u. Fr\u00fchgeschichtliche Altert\u00fcmer Bd. 23 (Mainz)<\/a>.<\/td><\/tr><tr><td>1985<\/td><td>Griechischer Goldschmuck. Ein Handbuch (Mainz).<\/td><\/tr><tr><td>1996<\/td><td>Ancient Gold Jewelry at the Dallas Museum of Art (Dallas \/Texas).<\/td><\/tr><tr><td>1998<\/td><td>The Gift of the Gods, Jewelry from the Ancient World, Fortuna Fine Arts (New York).<\/td><\/tr><\/tbody><\/table><\/figure>\n\n\n\n<h2 class=\"wp-block-heading\"><strong><span class=\"c13\">Aufs\u00e4tze<\/span><\/strong><\/h2>\n\n\n\n<figure class=\"wp-block-table\"><table><tbody><tr><td>1962<\/td><td><a href=\"http:\/\/dx.doi.org\/10.5169\/seals-170675\">Zur M\u00fcnzkunde von Milet, Schweizer M\u00fcnzbl\u00e4tter 12<\/a>, &nbsp;&nbsp;&nbsp;&nbsp;&nbsp;&nbsp;&nbsp;&nbsp;1962, pp. 20 &#8211; 21.<\/td><\/tr><tr><td>1966<\/td><td><a href=\"https:\/\/www.e-periodica.ch\/cntmng?pid=snr-003:1966:45::234\">Die Silberpr\u00e4gung von Milet im 6. Jahrhundert v. Chr., Schweizerische Numismatische Rundschau XLV<\/a>, 1966, pp. 5 &#8211; 25.<\/td><\/tr><tr><td>1972<\/td><td>Sp\u00e4thellenistische Goldschmiedearbeiten, Antike Kunst &nbsp;1972,2, pp. 07 &#8211; &nbsp; &nbsp;119.<\/td><\/tr><tr><td>1977<\/td><td>Neuerwerbungen der Frankfurter Museen, Museum f\u00fcr Vor- . Fr\u00fchgeschichte, St\u00e4deljahrbuch 1977, pp. 445 &#8211; 446.<\/td><\/tr><tr><td>1983<\/td><td>Neuerwerbungen der Frankfurter Museen, Museum f\u00fcr Vor- . Fr\u00fchgeschichte, St\u00e4deljahrbuch 1983, pp. 249 &#8211; 258.<\/td><\/tr><tr><td>1985<\/td><td>R\u00f6mischer Goldschmuck, Stand der Forschung in: H. &nbsp;Temporini, Aufstieg und Niedergang der R\u00f6mischen Welt (Berlin 1985) pp. 117 &#8211; 126.<\/td><\/tr><tr><td>1987<\/td><td>Die Bedeutung der palmyrenischen Grabreliefs f\u00fcr die Kenntnis r\u00f6mischen Schmucks in: Palmyra &#8211; Geschichte, Kunst u. Kultur der syrischen Oasenstadt, Linzer Arch\u00e4ologische Forschungen 16, 1987, pp. 179 -192.<\/td><\/tr><tr><td>1988<\/td><td>Ein r\u00f6mischer Goldring aus Ennetbaden im Aargau,, Helvetia Archaeologica 73, 1988, pp. 19 &#8211; 29.<\/td><\/tr><tr><td>1991<\/td><td>Ein Goldring mit dem Bildnis der j\u00fcngeren Faustina, in: Die M\u00fcnze, Bild &#8211; Botschaft &#8211; Bedeutung, Festschrift f\u00fcr M. R.-Alf\u00f6ldi (Frankfurt am Main 1991) pp. 187 -194.<\/td><\/tr><tr><td>1992<\/td><td><a href=\"https:\/\/mospace.umsystem.edu\/xmlui\/bitstream\/handle\/10355\/83624\/muse1992v26p46-52.pdf?sequence=1\">Three Early Byzantine Ornaments, MUSE, Annual of the Museum of Art and Archaeology, University of Missiouri, Columbia, vol. 26, pp. 46 \u2013 52.<\/a><\/td><\/tr><tr><td>&nbsp;1993<\/td><td><a href=\"https:\/\/books.google.de\/books?id=hd41AgAAQBAJ&amp;lpg=PA11&amp;hl=de&amp;pg=PA107#v=onepage&amp;q&amp;f=false\">A Group of Late Antique Jewelry in the J. Paul Getty Museum, Studia Varia, Occasional Papers on Antiquities, 8, pp. 107 &#8211; 140.<\/a><\/td><\/tr><tr><td>&nbsp;1993<\/td><td>L`opus interrasile des orf\u00e8vres romains. In: Outils et ateliers d`orf\u00e8vres des temps anciens. Antiquit\u00e9s Nationales M\u00e9moire 2, Mus\u00e9es des Antiquit\u00e9s Nationales et du Chateau de Saint-Germain-en-Laye, pp. 69 &#8211; 72.<\/td><\/tr><tr><td>&nbsp;1994<\/td><td>Thrako-Getische Silbersch\u00e4tze. In: W. Meier-Arendt, M. Babes, B. Deppert-Lippitz, edd., Ausstellungskatalog Goldhelm, Schwert und Silbersch\u00e4tze, Reicht\u00fcmer aus 6000 Jahren rum\u00e4nischer Vergangenheit. (Frankfurt am Main, 1994), pp. 85 &#8211; 89.<\/td><\/tr><tr><td>&nbsp;1994<\/td><td>The ring in history and the collection, Classical antiquity to the Byzantine period in: A.B. Chadour, Rings, The Alice and Louis Koch Collection (Leeds) pp. XIX &#8211; XXIII.<\/td><\/tr><tr><td>1995<\/td><td>Goldener Schmuck der Sp\u00e4tantike. In: R.W\u00fcrth, D. Planck (edd.), Die Schraube zwischen Macht und Pracht. Das Gewinde in der Antike. Ausstellungskatlog Museum W\u00fcrth und Arch\u00e4ologisches Landesmuseum Baden-W\u00fcrttemberg, K\u00fcnzelsau &#8211; Konstanz, pp. 113 &#8211; 140.<\/td><\/tr><tr><td>&nbsp;1995<\/td><td>Byzantine Jewelry. In: W. Rudolph, A Golden Legacy: Ancient Art from the Burton Y. Berry Collection. Indiana University, (Bloomington and Indianapois), pp. 275 &#8211; 314.<\/td><\/tr><tr><td>&nbsp;1996<\/td><td>Interrelations between Greek jewellery of the 6th and 5th centuries B.C. and gold finds from the Black Sea region. In: O. Lordkipanidze et P. L\u00e9v\u00eaque (eds.), Sur les Traces Argonautes, Actes du 6e symposium de Vani (Colchide) 22 -29 Sept. 1990 (Besancon 1996) pp. 195 &#8211; 201.<\/td><\/tr><tr><td>1996<\/td><td><a href=\"https:\/\/www.metmuseum.org\/art\/metpublications\/A_Late_Antique_Crossbow_Fibula_in_MMA_The_Metropolitan_Museum_Journal_v_35_2000\" data-type=\"link\" data-id=\"https:\/\/www.metmuseum.org\/art\/metpublications\/A_Late_Antique_Crossbow_Fibula_in_MMA_The_Metropolitan_Museum_Journal_v_35_2000\">A Late Antique Gold Fibula in the Burton Y. Berry Collection, in: A. Calinescu (ed.), Ancient Jewelry &amp; Archaeology (Bloomington and Indianapolis 1996), pp. 235 &#8211; 243<\/a>.<\/td><\/tr><tr><td>&nbsp;1997<\/td><td>Sp\u00e4tr\u00f6mische Goldperlen in: Perlen, Akten des Intern. Perlensymposiums in Mannheim, 11. &#8211; 14. Nov. 1994 (Bonn 1997), &nbsp;pp. 63 &#8211; 76.<\/td><\/tr><tr><td>&nbsp;1997<\/td><td>Late Roman Splendor: Jewelry from the Age of Constantine, Cleveland Studies in the History of Art, vol. I, 1996, pp. 30 \u2013 71.<\/td><\/tr><tr><td>&nbsp;1998<\/td><td>Greek Bracelets of the Classical Period, in D. Williams (ed.), The Art of the Greek Goldsmith (London 1998), pp. 1 &#8211; 94.<\/td><\/tr><tr><td>&nbsp;2000<\/td><td><a href=\"https:\/\/www.metmuseum.org\/art\/metpublications\/From_Attila_to_Charlemagne_Arts_of_the_Early_Medieval_Period_in_The_Metropolitan_Museum_of_Art\" data-type=\"link\" data-id=\"https:\/\/www.metmuseum.org\/art\/metpublications\/From_Attila_to_Charlemagne_Arts_of_the_Early_Medieval_Period_in_The_Metropolitan_Museum_of_Art\">Late Roman and Early Byzantine Jewelry, in: K.R. Brown, D. Kydd, Ch.T. Little, From Attila to Charlemagne: Arts of the Early Medieval Period in The Metropolitan Museum of Art. The Metropolitan Museum of Art, Symposia (New York, N.Y. 2000), pp. 58 &#8211; 77<\/a>.<\/td><\/tr><tr><td>&nbsp;2000<\/td><td><a href=\"https:\/\/www.metmuseum.org\/art\/metpublications\/A_Late_Antique_Crossbow_Fibula_in_MMA_The_Metropolitan_Museum_Journal_v_35_2000\" data-type=\"link\" data-id=\"https:\/\/www.metmuseum.org\/art\/metpublications\/A_Late_Antique_Crossbow_Fibula_in_MMA_The_Metropolitan_Museum_Journal_v_35_2000\">A Late Antique Crossbow Fibula in The Metropolitan, Museum of Art, Metropolitan Museum Journal 35, 2000, pp. 39 &#8211; 70<\/a>.<\/td><\/tr><tr><td>&nbsp;2008<\/td><td>Dakische Goldspiralen aus den Orastie Bergen in: A. Lazar et al.,&nbsp;<span class=\"c3\">Combating the Criminality against the European Heritage, Patrimonium&nbsp;<\/span><span class=\"c3\">(Bukarest 2008) Rum\u00e4nisch, Deutsch, Englisch, pp. 203 \u2013 288.<\/span><\/td><\/tr><tr><td>&nbsp;2009<\/td><td><a href=\"https:\/\/d1wqtxts1xzle7.cloudfront.net\/62147982\/PATRIMONIUM_I_200820200220-50750-kihm3y-libre.pdf?1582186571=&amp;response-content-disposition=inline%3B+filename%3DCombaterea_criminalitaii_contra_patrimo.pdf&amp;Expires=1710357261&amp;Signature=HEk9zJ4ZkGkZxZtnO-yPO7jdSG3wpfAHSChgqPECTzP4T~UlQ7ouR9WDuzwwPgIp93-dc8HsE6-076wNN5sH70PaVpkc~07v0JhN~wft1WhYewbJ4DdGWpqIT1hGORUmfKKrkbAF8y0lEe0A95WoTsoAUl9Fo1wgGY1SEAMsiCYMy3Aom7N5oX6MArx8MiOGAnLHMSFKlydzwEVNxYLhe5neqdZBG6W6wmpdz~hg0UmpzUhVw7Mfqmun3Rr1euRXnfGAmDYOIgwi-iBEn9-3b3LoO~g1vTc56qn4v6RJU7Y4~QxUnV3vYLVUR2ajpDvaDkXiYwYtzKuNJuOx50~T-g__&amp;Key-Pair-Id=APKAJLOHF5GGSLRBV4ZA\" data-type=\"link\" data-id=\"https:\/\/d1wqtxts1xzle7.cloudfront.net\/62147982\/PATRIMONIUM_I_200820200220-50750-kihm3y-libre.pdf?1582186571=&amp;response-content-disposition=inline%3B+filename%3DCombaterea_criminalitaii_contra_patrimo.pdf&amp;Expires=1710357261&amp;Signature=HEk9zJ4ZkGkZxZtnO-yPO7jdSG3wpfAHSChgqPECTzP4T~UlQ7ouR9WDuzwwPgIp93-dc8HsE6-076wNN5sH70PaVpkc~07v0JhN~wft1WhYewbJ4DdGWpqIT1hGORUmfKKrkbAF8y0lEe0A95WoTsoAUl9Fo1wgGY1SEAMsiCYMy3Aom7N5oX6MArx8MiOGAnLHMSFKlydzwEVNxYLhe5neqdZBG6W6wmpdz~hg0UmpzUhVw7Mfqmun3Rr1euRXnfGAmDYOIgwi-iBEn9-3b3LoO~g1vTc56qn4v6RJU7Y4~QxUnV3vYLVUR2ajpDvaDkXiYwYtzKuNJuOx50~T-g__&amp;Key-Pair-Id=APKAJLOHF5GGSLRBV4ZA\">\u00a0Die Strukturen des legalen und illegalen Handels mit Antiken, in: A. Lazar et al., Patrimonium II, Combating the Criminality against the European Cultural Heritage (Cluj-Napoca 2009) Rum\u00e4nisch, Deutsch, Englisch, pp.121 \u2013 172.<\/a><\/td><\/tr><tr><td>&nbsp;2009<\/td><td>Kommentar zu R. Dietrich, \u201eAntiken, Recht und Markt\u201c KunstRSp 04\/008, S. 174ff., Kunstrechtsspiegel 01\/09, pp. 40f.<\/td><\/tr><tr><td>&nbsp;2010<\/td><td>\u00a0Thesauro Monachi \u2013 Der gro\u00dfe dakische Goldfund aus dem Strei (1543) in: \u00a0Annales \u00a0Universitatis Apulensis, Series Historica vol. 14, 1 (2010) pp. 9 \u2013 27.<\/td><\/tr><tr><td>&nbsp;2012<\/td><td>Dacian Gold Treasures from Transylvania, Jewellery Studies vol. 12, pp. 55 \u2013 66.<\/td><\/tr><tr><td>2013<\/td><td>Symbolism and Significance \u2013 The Dacian Gold Spirals in: A. Lazar et al., Patrimonium III , Combating the Criminality against the European Cultural Heritage (Cluj-Napoca 2009), Rum\u00e4nisch, Deutsch, Englisch, pp. 137 \u2013 174.<\/td><\/tr><\/tbody><\/table><\/figure>\n\n\n\n<h2 class=\"wp-block-heading\"><strong><span class=\"c13\">Buchbesprechungen<\/span><\/strong><\/h2>\n\n\n\n<figure class=\"wp-block-table\"><table><tbody><tr><td>1974<\/td><td>A. Greifenhagen, Schmuckarbeiten in Edelmetall I, Gnomon 46, 1974, pp. 389 &#8211; 395.<\/td><\/tr><tr><td>1976<\/td><td>A. Greifenhagen, Schmuckarbeiten in Edelmetall II, Gnomon 48, 1976, pp. 820 \u2013 822.<\/td><\/tr><tr><td>1985<\/td><td>M. Cristofani et alii, L`oro degli Etruschi, Gonomon 57, 1985, pp.166 &#8211; 170.<\/td><\/tr><tr><td>1986<\/td><td>K.R. Brown, The Gold Breast Chain from the Early Byzantine Period in the R\u00f6misch-Germanisches Zentralmuseum, Germania 64, pp. 663 \u2013 664.<\/td><\/tr><tr><td>1993<\/td><td>M. Pfrommer, Untersuchungen zur Chronologie fr\u00fch- und hochhellenistischen Goldschmucks, Gnomon &nbsp;48, pp. 751 &#8211; 753.<\/td><\/tr><tr><td>2002<\/td><td>A. d`Ambrosio , E. de Carolis (edd), I monili dell\u00e0rea vesuviana (Rom 1997), &nbsp;Gnomon 74, &nbsp;pp. 164 \u2013 166.<\/td><\/tr><tr><td>2014<\/td><td><a href=\"http:\/\/austriaca.at\/0xc1aa5576_0x003234a3.pdf\" data-type=\"link\" data-id=\"http:\/\/austriaca.at\/0xc1aa5576_0x003234a3.pdf\">A. Bosselmann-Ruickbie, Byzantinischer Schmuck des 9. Bis fr\u00fchen 13. Jahrhunderts (2011), Jahrbuch der \u00d6sterreichischen Byzantinistik 64, pp. 287 \u2013 289.<\/a><\/td><\/tr><\/tbody><\/table><\/figure>\n","protected":false},"excerpt":{"rendered":"<p>Online Symbolism and Significance \u2013 The Dacian Gold Spirals Das Goldgef\u00e4\u00df \u201eaus dem Irak\u201c Monographien 1970 R\u00f6mischer Goldschmuck des 1. und 2. Jahrh. n. Chr. nach datierten&nbsp;Funden (Mainz). 1984 Die M\u00fcnzpr\u00e4gung von Milet, Typos V (Aarau). 1985 Goldschmuck der R\u00f6merzeit im R\u00f6misch-Germanischen Zentralmuseum. Kataloge Vor- u. Fr\u00fchgeschichtliche Altert\u00fcmer Bd. 23 (Mainz). 1985 Griechischer Goldschmuck. Ein &hellip; <a href=\"https:\/\/www.bonadea.net\/?page_id=34\" class=\"more-link\">Continue reading<span class=\"screen-reader-text\"> &#8220;Publikationen&#8221;<\/span><\/a><\/p>\n","protected":false},"author":1,"featured_media":0,"parent":0,"menu_order":0,"comment_status":"closed","ping_status":"closed","template":"","meta":{"footnotes":""},"class_list":["post-34","page","type-page","status-publish","hentry"],"_links":{"self":[{"href":"https:\/\/www.bonadea.net\/index.php?rest_route=\/wp\/v2\/pages\/34"}],"collection":[{"href":"https:\/\/www.bonadea.net\/index.php?rest_route=\/wp\/v2\/pages"}],"about":[{"href":"https:\/\/www.bonadea.net\/index.php?rest_route=\/wp\/v2\/types\/page"}],"author":[{"embeddable":true,"href":"https:\/\/www.bonadea.net\/index.php?rest_route=\/wp\/v2\/users\/1"}],"replies":[{"embeddable":true,"href":"https:\/\/www.bonadea.net\/index.php?rest_route=%2Fwp%2Fv2%2Fcomments&post=34"}],"version-history":[{"count":21,"href":"https:\/\/www.bonadea.net\/index.php?rest_route=\/wp\/v2\/pages\/34\/revisions"}],"predecessor-version":[{"id":215,"href":"https:\/\/www.bonadea.net\/index.php?rest_route=\/wp\/v2\/pages\/34\/revisions\/215"}],"wp:attachment":[{"href":"https:\/\/www.bonadea.net\/index.php?rest_route=%2Fwp%2Fv2%2Fmedia&parent=34"}],"curies":[{"name":"wp","href":"https:\/\/api.w.org\/{rel}","templated":true}]}}