{"id":115,"date":"2016-08-02T08:42:04","date_gmt":"2016-08-02T08:42:04","guid":{"rendered":"https:\/\/www.bonadea.net\/?page_id=115"},"modified":"2024-09-29T09:48:39","modified_gmt":"2024-09-29T09:48:39","slug":"biographie","status":"publish","type":"page","link":"https:\/\/www.bonadea.net\/?page_id=115","title":{"rendered":"Biographie"},"content":{"rendered":"\n<h2 class=\"wp-block-heading\"><strong>Dr. Dr. h.c. Barbara Deppert-Lippitz<\/strong><\/h2>\n\n\n\n<figure class=\"wp-block-table\"><table><tbody><tr><td>3.10.1939<\/td><td>Geb. in Kublitz\/ Stolp in Hinterpommern.<\/td><\/tr><tr><td>1945 \u2013 1947<\/td><td>Fl\u00fcchtlingslager in D\u00e4nemark.<\/td><\/tr><tr><td>1947 -1961<\/td><td>Schulbesuch in L\u00fcbeck, Hamburg, Abitur mit Gro\u00dfem Latinum&nbsp;und Graecum in Frankfurt am Main.<\/td><\/tr><tr><td>1961 \u2013 1968<\/td><td>Studium der klassischen und provinzialr\u00f6mischen&nbsp;Arch\u00e4ologie, Alten Geschichte und Kunstgeschichte an der&nbsp;Johann Wolfgang Goethe Universit\u00e4t Frankfurt\/Main.<\/td><\/tr><tr><td>1969<\/td><td>Promotion bei <a href=\"https:\/\/de.wikipedia.org\/wiki\/Alad%C3%A1r_Radn%C3%B3ti\" target=\"_blank\" rel=\"noopener\">A. Radn\u00f3ti<\/a>, G. Kleiner und K. Kraft an der Universit\u00e4t Frankfurt am Main. <br>Thema der Dissertation: R\u00f6mischer Goldschmuck des ersten und zweiten Jahrhunderts n. Chr. nach datierten Funden.<\/td><\/tr><tr><td>1969 \u2013 1972<\/td><td>Stipendiatin der Deutschen Forschungsgemeinschaft.<\/td><\/tr><tr><td>1985<\/td><td>Zweimonatiges USA Stipendium des Deutschen&nbsp;Arch\u00e4ologischen Instituts.<\/td><\/tr><tr><td>1990<\/td><td>Zus\u00e4tzliche Ausbildung zum Gerichts- und Privatgutachter,&nbsp;Institut f\u00fcr Sachverst\u00e4ndigenwesen e.V., K\u00f6ln.<\/td><\/tr><tr><td>1991<\/td><td>Bestellung zur \u00f6ffentlich bestellten und vereidigten&nbsp;Sachverst\u00e4ndigen f\u00fcr Klassischen Antiken, IHK Frankfurt am&nbsp;Main.<\/td><\/tr><tr><td>Seit 2005<\/td><td>Regelm\u00e4\u00dfige Zusammenarbeit mit der&nbsp;Generalstaatsanwaltschaft am Appellationsgericht Alba Julia&nbsp;(Rum\u00e4nien) bei der R\u00fcckf\u00fchrung illegaler arch\u00e4ologischer&nbsp;Kulturg\u00fcter.<\/td><\/tr><tr><td>&nbsp;2007<\/td><td>Verleihung der Ehrendoktorw\u00fcrde der <a href=\"http:\/\/www.uab.ro\/\" target=\"_blank\" rel=\"noopener\">Universit\u00e4t Alba Julia<\/a>&nbsp;(Rum\u00e4nien).<\/td><\/tr><tr><td>2008<\/td><td>Verleihung des <a href=\"https:\/\/de.wikipedia.org\/wiki\/Kultur-Verdienst-Orden_(Rum%C3%A4nien)\" target=\"_blank\" rel=\"noopener\">rum\u00e4nischen Kulturverdienstordens Meritul&nbsp;Cultural<\/a> im Rang eines Offiziers.<\/td><\/tr><tr><td>&nbsp;Seit 2011<\/td><td>Gesch\u00e4ftsf\u00fchrende Vorsitzende und dann Vorsitzende des Kulturvereins <a href=\"http:\/\/www.freunde-frankfurts.de\/index.html\" target=\"_blank\" rel=\"noopener\">FREUNDE&nbsp;FRANKFURTS gegr. 1922, e.V. (vorm. Bund T\u00e4tiger&nbsp;Altstadtfreunde)<\/a>.<\/td><\/tr><\/tbody><\/table><\/figure>\n\n\n\n<p>Schwerpunkte der T\u00e4tigkeit als Sachverst\u00e4ndige f\u00fcr Kunst der&nbsp;Klassischen Antike:<\/p>\n\n\n\n<ul class=\"wp-block-list\">\n<li>Gerichts- und private Gutachten zur&nbsp;wissenschaftlichen Bestimmung von antiken Objekten,<\/li>\n\n\n\n<li>Bewertung von arch\u00e4ologischen Funden und Fundkomplexen, Hadrianische Teilung,<\/li>\n\n\n\n<li>Bewertung von antiken Objekten f\u00fcr Versicherungen.<\/li>\n<\/ul>\n","protected":false},"excerpt":{"rendered":"<p>Dr. Dr. h.c. Barbara Deppert-Lippitz 3.10.1939 Geb. in Kublitz\/ Stolp in Hinterpommern. 1945 \u2013 1947 Fl\u00fcchtlingslager in D\u00e4nemark. 1947 -1961 Schulbesuch in L\u00fcbeck, Hamburg, Abitur mit Gro\u00dfem Latinum&nbsp;und Graecum in Frankfurt am Main. 1961 \u2013 1968 Studium der klassischen und provinzialr\u00f6mischen&nbsp;Arch\u00e4ologie, Alten Geschichte und Kunstgeschichte an der&nbsp;Johann Wolfgang Goethe Universit\u00e4t Frankfurt\/Main. 1969 Promotion bei A. &hellip; <a href=\"https:\/\/www.bonadea.net\/?page_id=115\" class=\"more-link\">Continue reading<span class=\"screen-reader-text\"> &#8220;Biographie&#8221;<\/span><\/a><\/p>\n","protected":false},"author":1,"featured_media":0,"parent":0,"menu_order":0,"comment_status":"closed","ping_status":"closed","template":"","meta":{"footnotes":""},"class_list":["post-115","page","type-page","status-publish","hentry"],"_links":{"self":[{"href":"https:\/\/www.bonadea.net\/index.php?rest_route=\/wp\/v2\/pages\/115"}],"collection":[{"href":"https:\/\/www.bonadea.net\/index.php?rest_route=\/wp\/v2\/pages"}],"about":[{"href":"https:\/\/www.bonadea.net\/index.php?rest_route=\/wp\/v2\/types\/page"}],"author":[{"embeddable":true,"href":"https:\/\/www.bonadea.net\/index.php?rest_route=\/wp\/v2\/users\/1"}],"replies":[{"embeddable":true,"href":"https:\/\/www.bonadea.net\/index.php?rest_route=%2Fwp%2Fv2%2Fcomments&post=115"}],"version-history":[{"count":13,"href":"https:\/\/www.bonadea.net\/index.php?rest_route=\/wp\/v2\/pages\/115\/revisions"}],"predecessor-version":[{"id":218,"href":"https:\/\/www.bonadea.net\/index.php?rest_route=\/wp\/v2\/pages\/115\/revisions\/218"}],"wp:attachment":[{"href":"https:\/\/www.bonadea.net\/index.php?rest_route=%2Fwp%2Fv2%2Fmedia&parent=115"}],"curies":[{"name":"wp","href":"https:\/\/api.w.org\/{rel}","templated":true}]}}